{"id":55,"date":"2015-08-02T10:57:54","date_gmt":"2015-08-02T10:57:54","guid":{"rendered":"http:\/\/www.unimaquinas.com\/maquinas-colombia\/?page_id=55"},"modified":"2015-08-02T10:57:54","modified_gmt":"2015-08-02T10:57:54","slug":"contactenos","status":"publish","type":"page","link":"https:\/\/www.unimaquinas.com\/maquinas-colombia\/oferta-de-maquinas-en-colombia\/contactenos\/","title":{"rendered":"Cont\u00e1ctenos"},"content":{"rendered":"<p>Si est\u00e1 interesado o desea obtener m\u00e1s informaci\u00f3n sobre alguna de nuestras m\u00e1quinas por favor llene el siguiente formulario.<\/p>\n\n<div class=\"wpcf7 no-js\" id=\"wpcf7-f7-o1\" lang=\"es-ES\" dir=\"ltr\" data-wpcf7-id=\"7\">\n<div class=\"screen-reader-response\"><p role=\"status\" aria-live=\"polite\" aria-atomic=\"true\"><\/p> <ul><\/ul><\/div>\n<form action=\"\/maquinas-colombia\/oferta-de-maquinas-en-colombia\/wp-json\/wp\/v2\/pages\/55#wpcf7-f7-o1\" method=\"post\" class=\"wpcf7-form init\" aria-label=\"Formulario de contacto\" novalidate=\"novalidate\" data-status=\"init\">\n<fieldset class=\"hidden-fields-container\"><input type=\"hidden\" name=\"_wpcf7\" value=\"7\" \/><input type=\"hidden\" name=\"_wpcf7_version\" value=\"6.1.5\" \/><input type=\"hidden\" name=\"_wpcf7_locale\" value=\"es_ES\" \/><input type=\"hidden\" name=\"_wpcf7_unit_tag\" value=\"wpcf7-f7-o1\" \/><input type=\"hidden\" name=\"_wpcf7_container_post\" value=\"0\" \/><input type=\"hidden\" name=\"_wpcf7_posted_data_hash\" value=\"\" \/><input type=\"hidden\" name=\"_wpcf7_recaptcha_response\" value=\"\" \/>\n<\/fieldset>\n<p>Nombre de la empresa (requerido)\n<\/p>\n<p><span class=\"wpcf7-form-control-wrap\" data-name=\"NombredeEmpresa\"><input size=\"40\" maxlength=\"400\" class=\"wpcf7-form-control wpcf7-text\" aria-invalid=\"false\" value=\"\" type=\"text\" name=\"NombredeEmpresa\" \/><\/span>\n<\/p>\n<p>Nombre de la persona solicitante(requerido)\n<\/p>\n<p><span class=\"wpcf7-form-control-wrap\" data-name=\"solicitante\"><input size=\"40\" maxlength=\"400\" class=\"wpcf7-form-control wpcf7-text\" aria-invalid=\"false\" value=\"\" type=\"text\" name=\"solicitante\" \/><\/span>\n<\/p>\n<p>Correo electr\u00f3nico (requerido)\n<\/p>\n<p><span class=\"wpcf7-form-control-wrap\" data-name=\"your-email\"><input size=\"40\" maxlength=\"400\" class=\"wpcf7-form-control wpcf7-email wpcf7-validates-as-required wpcf7-text wpcf7-validates-as-email\" aria-required=\"true\" aria-invalid=\"false\" value=\"\" type=\"email\" name=\"your-email\" \/><\/span>\n<\/p>\n<p>Direcci\u00f3n\n<\/p>\n<p><span class=\"wpcf7-form-control-wrap\" data-name=\"Direccion\"><input size=\"40\" maxlength=\"400\" class=\"wpcf7-form-control wpcf7-text\" aria-invalid=\"false\" value=\"\" type=\"text\" name=\"Direccion\" \/><\/span>\n<\/p>\n<p>Ciudad\n<\/p>\n<p><span class=\"wpcf7-form-control-wrap\" data-name=\"Ciudad\"><input size=\"40\" maxlength=\"400\" class=\"wpcf7-form-control wpcf7-text\" aria-invalid=\"false\" value=\"\" type=\"text\" name=\"Ciudad\" \/><\/span>\n<\/p>\n<p>Pa\u00eds\n<\/p>\n<p><span class=\"wpcf7-form-control-wrap\" data-name=\"Pas\"><input size=\"40\" maxlength=\"400\" class=\"wpcf7-form-control wpcf7-text\" aria-invalid=\"false\" value=\"\" type=\"text\" name=\"Pas\" \/><\/span>\n<\/p>\n<p>Tel\u00e9fono\n<\/p>\n<p><span class=\"wpcf7-form-control-wrap\" data-name=\"tel\"><input size=\"40\" maxlength=\"400\" class=\"wpcf7-form-control wpcf7-tel wpcf7-validates-as-required wpcf7-text wpcf7-validates-as-tel\" aria-required=\"true\" aria-invalid=\"false\" value=\"\" type=\"tel\" name=\"tel\" \/><\/span>\n<\/p>\n<p>M\u00e1quina(s) que solicita (requerido)\n<\/p>\n<p><span class=\"wpcf7-form-control-wrap\" data-name=\"Maquinasquesolicita\"><input size=\"40\" maxlength=\"400\" class=\"wpcf7-form-control wpcf7-text wpcf7-validates-as-required\" aria-required=\"true\" aria-invalid=\"false\" value=\"\" type=\"text\" name=\"Maquinasquesolicita\" \/><\/span>\n<\/p>\n<p>Mensaje\n<\/p>\n<p><span class=\"wpcf7-form-control-wrap\" data-name=\"your-message\"><textarea cols=\"40\" rows=\"10\" maxlength=\"2000\" class=\"wpcf7-form-control wpcf7-textarea\" aria-invalid=\"false\" name=\"your-message\"><\/textarea><\/span>\n<\/p>\n<p><input class=\"wpcf7-form-control wpcf7-submit has-spinner\" type=\"submit\" value=\"Enviar\" \/>\n<\/p><div class=\"wpcf7-response-output\" aria-hidden=\"true\"><\/div>\n<\/form>\n<\/div>\n\n<p>&nbsp;<\/p>\n","protected":false},"excerpt":{"rendered":"<p>Si est\u00e1 interesado o desea obtener m\u00e1s informaci\u00f3n sobre alguna de nuestras m\u00e1quinas por favor llene el siguiente formulario. &nbsp;<\/p>\n","protected":false},"author":1,"featured_media":0,"parent":0,"menu_order":0,"comment_status":"open","ping_status":"open","template":"","meta":{"footnotes":""},"class_list":["post-55","page","type-page","status-publish","hentry"],"yoast_head":"<!-- This site is optimized with the Yoast SEO plugin v27.4 - https:\/\/yoast.com\/product\/yoast-seo-wordpress\/ -->\n<title>Cont\u00e1ctenos - Unimaquinas<\/title>\n<meta name=\"robots\" content=\"index, follow, max-snippet:-1, max-image-preview:large, max-video-preview:-1\" \/>\n<link rel=\"canonical\" href=\"https:\/\/www.unimaquinas.com\/maquinas-colombia\/oferta-de-maquinas-en-colombia\/contactenos\/\" \/>\n<meta property=\"og:locale\" content=\"es_ES\" \/>\n<meta property=\"og:type\" content=\"article\" \/>\n<meta property=\"og:title\" content=\"Cont\u00e1ctenos - Unimaquinas\" \/>\n<meta property=\"og:description\" content=\"Si est\u00e1 interesado o desea obtener m\u00e1s informaci\u00f3n sobre alguna de nuestras m\u00e1quinas por favor llene el siguiente formulario. &nbsp;\" \/>\n<meta property=\"og:url\" content=\"https:\/\/www.unimaquinas.com\/maquinas-colombia\/oferta-de-maquinas-en-colombia\/contactenos\/\" \/>\n<meta property=\"og:site_name\" content=\"Unimaquinas\" \/>\n<meta name=\"twitter:card\" content=\"summary_large_image\" \/>\n<script type=\"application\/ld+json\" class=\"yoast-schema-graph\">{\"@context\":\"https:\\\/\\\/schema.org\",\"@graph\":[{\"@type\":\"WebPage\",\"@id\":\"https:\\\/\\\/www.unimaquinas.com\\\/maquinas-colombia\\\/oferta-de-maquinas-en-colombia\\\/contactenos\\\/\",\"url\":\"https:\\\/\\\/www.unimaquinas.com\\\/maquinas-colombia\\\/oferta-de-maquinas-en-colombia\\\/contactenos\\\/\",\"name\":\"Cont\u00e1ctenos - Unimaquinas\",\"isPartOf\":{\"@id\":\"https:\\\/\\\/www.unimaquinas.com\\\/maquinas-colombia\\\/oferta-de-maquinas-en-colombia\\\/#website\"},\"datePublished\":\"2015-08-02T10:57:54+00:00\",\"breadcrumb\":{\"@id\":\"https:\\\/\\\/www.unimaquinas.com\\\/maquinas-colombia\\\/oferta-de-maquinas-en-colombia\\\/contactenos\\\/#breadcrumb\"},\"inLanguage\":\"es\",\"potentialAction\":[{\"@type\":\"ReadAction\",\"target\":[\"https:\\\/\\\/www.unimaquinas.com\\\/maquinas-colombia\\\/oferta-de-maquinas-en-colombia\\\/contactenos\\\/\"]}]},{\"@type\":\"BreadcrumbList\",\"@id\":\"https:\\\/\\\/www.unimaquinas.com\\\/maquinas-colombia\\\/oferta-de-maquinas-en-colombia\\\/contactenos\\\/#breadcrumb\",\"itemListElement\":[{\"@type\":\"ListItem\",\"position\":1,\"name\":\"Portada\",\"item\":\"https:\\\/\\\/www.unimaquinas.com\\\/maquinas-colombia\\\/oferta-de-maquinas-en-colombia\\\/\"},{\"@type\":\"ListItem\",\"position\":2,\"name\":\"Cont\u00e1ctenos\"}]},{\"@type\":\"WebSite\",\"@id\":\"https:\\\/\\\/www.unimaquinas.com\\\/maquinas-colombia\\\/oferta-de-maquinas-en-colombia\\\/#website\",\"url\":\"https:\\\/\\\/www.unimaquinas.com\\\/maquinas-colombia\\\/oferta-de-maquinas-en-colombia\\\/\",\"name\":\"Unimaquinas\",\"description\":\"M\u00e1quinas nuevas y usadas, importaci\u00f3n de todo tipo de m\u00e1quinaria\",\"publisher\":{\"@id\":\"https:\\\/\\\/www.unimaquinas.com\\\/maquinas-colombia\\\/oferta-de-maquinas-en-colombia\\\/#organization\"},\"potentialAction\":[{\"@type\":\"SearchAction\",\"target\":{\"@type\":\"EntryPoint\",\"urlTemplate\":\"https:\\\/\\\/www.unimaquinas.com\\\/maquinas-colombia\\\/oferta-de-maquinas-en-colombia\\\/?s={search_term_string}\"},\"query-input\":{\"@type\":\"PropertyValueSpecification\",\"valueRequired\":true,\"valueName\":\"search_term_string\"}}],\"inLanguage\":\"es\"},{\"@type\":\"Organization\",\"@id\":\"https:\\\/\\\/www.unimaquinas.com\\\/maquinas-colombia\\\/oferta-de-maquinas-en-colombia\\\/#organization\",\"name\":\"Unimaquinas\",\"url\":\"https:\\\/\\\/www.unimaquinas.com\\\/maquinas-colombia\\\/oferta-de-maquinas-en-colombia\\\/\",\"logo\":{\"@type\":\"ImageObject\",\"inLanguage\":\"es\",\"@id\":\"https:\\\/\\\/www.unimaquinas.com\\\/maquinas-colombia\\\/oferta-de-maquinas-en-colombia\\\/#\\\/schema\\\/logo\\\/image\\\/\",\"url\":\"https:\\\/\\\/www.unimaquinas.com\\\/maquinas-colombia\\\/wp-content\\\/uploads\\\/2015\\\/08\\\/unimaquinas-logo.png\",\"contentUrl\":\"https:\\\/\\\/www.unimaquinas.com\\\/maquinas-colombia\\\/wp-content\\\/uploads\\\/2015\\\/08\\\/unimaquinas-logo.png\",\"width\":888,\"height\":251,\"caption\":\"Unimaquinas\"},\"image\":{\"@id\":\"https:\\\/\\\/www.unimaquinas.com\\\/maquinas-colombia\\\/oferta-de-maquinas-en-colombia\\\/#\\\/schema\\\/logo\\\/image\\\/\"}}]}<\/script>\n<!-- \/ Yoast SEO plugin. -->","yoast_head_json":{"title":"Cont\u00e1ctenos - Unimaquinas","robots":{"index":"index","follow":"follow","max-snippet":"max-snippet:-1","max-image-preview":"max-image-preview:large","max-video-preview":"max-video-preview:-1"},"canonical":"https:\/\/www.unimaquinas.com\/maquinas-colombia\/oferta-de-maquinas-en-colombia\/contactenos\/","og_locale":"es_ES","og_type":"article","og_title":"Cont\u00e1ctenos - Unimaquinas","og_description":"Si est\u00e1 interesado o desea obtener m\u00e1s informaci\u00f3n sobre alguna de nuestras m\u00e1quinas por favor llene el siguiente formulario. &nbsp;","og_url":"https:\/\/www.unimaquinas.com\/maquinas-colombia\/oferta-de-maquinas-en-colombia\/contactenos\/","og_site_name":"Unimaquinas","twitter_card":"summary_large_image","schema":{"@context":"https:\/\/schema.org","@graph":[{"@type":"WebPage","@id":"https:\/\/www.unimaquinas.com\/maquinas-colombia\/oferta-de-maquinas-en-colombia\/contactenos\/","url":"https:\/\/www.unimaquinas.com\/maquinas-colombia\/oferta-de-maquinas-en-colombia\/contactenos\/","name":"Cont\u00e1ctenos - Unimaquinas","isPartOf":{"@id":"https:\/\/www.unimaquinas.com\/maquinas-colombia\/oferta-de-maquinas-en-colombia\/#website"},"datePublished":"2015-08-02T10:57:54+00:00","breadcrumb":{"@id":"https:\/\/www.unimaquinas.com\/maquinas-colombia\/oferta-de-maquinas-en-colombia\/contactenos\/#breadcrumb"},"inLanguage":"es","potentialAction":[{"@type":"ReadAction","target":["https:\/\/www.unimaquinas.com\/maquinas-colombia\/oferta-de-maquinas-en-colombia\/contactenos\/"]}]},{"@type":"BreadcrumbList","@id":"https:\/\/www.unimaquinas.com\/maquinas-colombia\/oferta-de-maquinas-en-colombia\/contactenos\/#breadcrumb","itemListElement":[{"@type":"ListItem","position":1,"name":"Portada","item":"https:\/\/www.unimaquinas.com\/maquinas-colombia\/oferta-de-maquinas-en-colombia\/"},{"@type":"ListItem","position":2,"name":"Cont\u00e1ctenos"}]},{"@type":"WebSite","@id":"https:\/\/www.unimaquinas.com\/maquinas-colombia\/oferta-de-maquinas-en-colombia\/#website","url":"https:\/\/www.unimaquinas.com\/maquinas-colombia\/oferta-de-maquinas-en-colombia\/","name":"Unimaquinas","description":"M\u00e1quinas nuevas y usadas, importaci\u00f3n de todo tipo de m\u00e1quinaria","publisher":{"@id":"https:\/\/www.unimaquinas.com\/maquinas-colombia\/oferta-de-maquinas-en-colombia\/#organization"},"potentialAction":[{"@type":"SearchAction","target":{"@type":"EntryPoint","urlTemplate":"https:\/\/www.unimaquinas.com\/maquinas-colombia\/oferta-de-maquinas-en-colombia\/?s={search_term_string}"},"query-input":{"@type":"PropertyValueSpecification","valueRequired":true,"valueName":"search_term_string"}}],"inLanguage":"es"},{"@type":"Organization","@id":"https:\/\/www.unimaquinas.com\/maquinas-colombia\/oferta-de-maquinas-en-colombia\/#organization","name":"Unimaquinas","url":"https:\/\/www.unimaquinas.com\/maquinas-colombia\/oferta-de-maquinas-en-colombia\/","logo":{"@type":"ImageObject","inLanguage":"es","@id":"https:\/\/www.unimaquinas.com\/maquinas-colombia\/oferta-de-maquinas-en-colombia\/#\/schema\/logo\/image\/","url":"https:\/\/www.unimaquinas.com\/maquinas-colombia\/wp-content\/uploads\/2015\/08\/unimaquinas-logo.png","contentUrl":"https:\/\/www.unimaquinas.com\/maquinas-colombia\/wp-content\/uploads\/2015\/08\/unimaquinas-logo.png","width":888,"height":251,"caption":"Unimaquinas"},"image":{"@id":"https:\/\/www.unimaquinas.com\/maquinas-colombia\/oferta-de-maquinas-en-colombia\/#\/schema\/logo\/image\/"}}]}},"_links":{"self":[{"href":"https:\/\/www.unimaquinas.com\/maquinas-colombia\/oferta-de-maquinas-en-colombia\/wp-json\/wp\/v2\/pages\/55","targetHints":{"allow":["GET"]}}],"collection":[{"href":"https:\/\/www.unimaquinas.com\/maquinas-colombia\/oferta-de-maquinas-en-colombia\/wp-json\/wp\/v2\/pages"}],"about":[{"href":"https:\/\/www.unimaquinas.com\/maquinas-colombia\/oferta-de-maquinas-en-colombia\/wp-json\/wp\/v2\/types\/page"}],"author":[{"embeddable":true,"href":"https:\/\/www.unimaquinas.com\/maquinas-colombia\/oferta-de-maquinas-en-colombia\/wp-json\/wp\/v2\/users\/1"}],"replies":[{"embeddable":true,"href":"https:\/\/www.unimaquinas.com\/maquinas-colombia\/oferta-de-maquinas-en-colombia\/wp-json\/wp\/v2\/comments?post=55"}],"version-history":[{"count":0,"href":"https:\/\/www.unimaquinas.com\/maquinas-colombia\/oferta-de-maquinas-en-colombia\/wp-json\/wp\/v2\/pages\/55\/revisions"}],"wp:attachment":[{"href":"https:\/\/www.unimaquinas.com\/maquinas-colombia\/oferta-de-maquinas-en-colombia\/wp-json\/wp\/v2\/media?parent=55"}],"curies":[{"name":"wp","href":"https:\/\/api.w.org\/{rel}","templated":true}]}}