{"id":26,"date":"2015-08-01T08:35:35","date_gmt":"2015-08-01T08:35:35","guid":{"rendered":"http:\/\/www.unimaquinas.com\/maquinas-colombia\/?page_id=26"},"modified":"2015-10-10T19:54:14","modified_gmt":"2015-10-10T19:54:14","slug":"quienes-somos","status":"publish","type":"page","link":"https:\/\/www.unimaquinas.com\/maquinas-colombia\/oferta-de-maquinas-en-colombia\/quienes-somos\/","title":{"rendered":"Quienes Somos"},"content":{"rendered":"<p>[wonderplugin_carousel id=\u00bb1&#8243;]<\/p>\n<p>Nuestra compa\u00f1\u00eda UNIMAQUINAS LTDA, es una empresa legalmente constituida, con todos los requisitos de ley, cuyo objetivo es la comercializaci\u00f3n compra &#8211; venta representaci\u00f3n de m\u00e1quinas y herramientas, aplicables a la metalmecanica y fundici\u00f3n.<br \/>\nDentro de nuestra propuestas ofrecemos:<br \/>\n1) Venta para importaci\u00f3n de maquinas convencionales y ultima tecnolog\u00eda.<br \/>\n2) Compra, venta y permuta de equipos nuevos y usados.<br \/>\n3) Proceso de reparaci\u00f3n y mantenimiento de maquinaria, sistema integral que re\u00fane todo el proceso m\u00e9canico, hidra\u00falico, neum\u00e1tico, el\u00e9ctrico, el\u00e9ctronico y pintura.<br \/>\n4) Garant\u00eda sobre nuestro trabajo.<\/p>\n<p>Nuestra mejor carta de presentaci\u00f3n, NUESTROS CLIENTES, entre los que contamos a firmas como COLCERAMICA, CIA GENERAL DE ACEROS, HUMCAR, COLAUTO, ESTUFAS CONTINENTAL, TAMETAL, UNITEC ACEROS, LUMINEX, ACERIAS CENTRALES, entre otras.<\/p>\n<p>Contamos con experiencia de m\u00e1s de 20 a\u00f1os, interesados siempre en mejorar y ofrecer a nuestros clientes las mejores soluciones a sus procesos. Para esto nos hemos rodeados de personal que nos permite garantizar nuestro trabajo.<\/p>\n","protected":false},"excerpt":{"rendered":"<p>[wonderplugin_carousel id=\u00bb1&#8243;] Nuestra compa\u00f1\u00eda UNIMAQUINAS LTDA, es una empresa legalmente constituida, con todos los requisitos de ley, cuyo objetivo es la comercializaci\u00f3n compra &#8211; venta representaci\u00f3n de m\u00e1quinas y herramientas, aplicables a la metalmecanica y fundici\u00f3n. Dentro de nuestra propuestas ofrecemos: 1) Venta para importaci\u00f3n de maquinas convencionales y ultima tecnolog\u00eda. 2) Compra, venta y [&hellip;]<\/p>\n","protected":false},"author":1,"featured_media":0,"parent":0,"menu_order":2,"comment_status":"open","ping_status":"open","template":"","meta":{"footnotes":""},"class_list":["post-26","page","type-page","status-publish","hentry"],"yoast_head":"<!-- This site is optimized with the Yoast SEO plugin v27.4 - https:\/\/yoast.com\/product\/yoast-seo-wordpress\/ -->\n<title>Quienes Somos - Unimaquinas<\/title>\n<meta name=\"robots\" content=\"index, follow, max-snippet:-1, max-image-preview:large, max-video-preview:-1\" \/>\n<link rel=\"canonical\" href=\"https:\/\/www.unimaquinas.com\/maquinas-colombia\/oferta-de-maquinas-en-colombia\/quienes-somos\/\" \/>\n<meta property=\"og:locale\" content=\"es_ES\" \/>\n<meta property=\"og:type\" content=\"article\" \/>\n<meta property=\"og:title\" content=\"Quienes Somos - Unimaquinas\" \/>\n<meta property=\"og:description\" content=\"[wonderplugin_carousel id=\u00bb1&#8243;] Nuestra compa\u00f1\u00eda UNIMAQUINAS LTDA, es una empresa legalmente constituida, con todos los requisitos de ley, cuyo objetivo es la comercializaci\u00f3n compra &#8211; venta representaci\u00f3n de m\u00e1quinas y herramientas, aplicables a la metalmecanica y fundici\u00f3n. Dentro de nuestra propuestas ofrecemos: 1) Venta para importaci\u00f3n de maquinas convencionales y ultima tecnolog\u00eda. 2) Compra, venta y [&hellip;]\" \/>\n<meta property=\"og:url\" content=\"https:\/\/www.unimaquinas.com\/maquinas-colombia\/oferta-de-maquinas-en-colombia\/quienes-somos\/\" \/>\n<meta property=\"og:site_name\" content=\"Unimaquinas\" \/>\n<meta property=\"article:modified_time\" content=\"2015-10-10T19:54:14+00:00\" \/>\n<meta name=\"twitter:card\" content=\"summary_large_image\" \/>\n<meta name=\"twitter:label1\" content=\"Tiempo de lectura\" \/>\n\t<meta name=\"twitter:data1\" content=\"1 minuto\" \/>\n<script type=\"application\/ld+json\" class=\"yoast-schema-graph\">{\"@context\":\"https:\\\/\\\/schema.org\",\"@graph\":[{\"@type\":\"WebPage\",\"@id\":\"https:\\\/\\\/www.unimaquinas.com\\\/maquinas-colombia\\\/oferta-de-maquinas-en-colombia\\\/quienes-somos\\\/\",\"url\":\"https:\\\/\\\/www.unimaquinas.com\\\/maquinas-colombia\\\/oferta-de-maquinas-en-colombia\\\/quienes-somos\\\/\",\"name\":\"Quienes Somos - Unimaquinas\",\"isPartOf\":{\"@id\":\"https:\\\/\\\/www.unimaquinas.com\\\/maquinas-colombia\\\/oferta-de-maquinas-en-colombia\\\/#website\"},\"datePublished\":\"2015-08-01T08:35:35+00:00\",\"dateModified\":\"2015-10-10T19:54:14+00:00\",\"breadcrumb\":{\"@id\":\"https:\\\/\\\/www.unimaquinas.com\\\/maquinas-colombia\\\/oferta-de-maquinas-en-colombia\\\/quienes-somos\\\/#breadcrumb\"},\"inLanguage\":\"es\",\"potentialAction\":[{\"@type\":\"ReadAction\",\"target\":[\"https:\\\/\\\/www.unimaquinas.com\\\/maquinas-colombia\\\/oferta-de-maquinas-en-colombia\\\/quienes-somos\\\/\"]}]},{\"@type\":\"BreadcrumbList\",\"@id\":\"https:\\\/\\\/www.unimaquinas.com\\\/maquinas-colombia\\\/oferta-de-maquinas-en-colombia\\\/quienes-somos\\\/#breadcrumb\",\"itemListElement\":[{\"@type\":\"ListItem\",\"position\":1,\"name\":\"Portada\",\"item\":\"https:\\\/\\\/www.unimaquinas.com\\\/maquinas-colombia\\\/oferta-de-maquinas-en-colombia\\\/\"},{\"@type\":\"ListItem\",\"position\":2,\"name\":\"Quienes Somos\"}]},{\"@type\":\"WebSite\",\"@id\":\"https:\\\/\\\/www.unimaquinas.com\\\/maquinas-colombia\\\/oferta-de-maquinas-en-colombia\\\/#website\",\"url\":\"https:\\\/\\\/www.unimaquinas.com\\\/maquinas-colombia\\\/oferta-de-maquinas-en-colombia\\\/\",\"name\":\"Unimaquinas\",\"description\":\"M\u00e1quinas nuevas y usadas, importaci\u00f3n de todo tipo de m\u00e1quinaria\",\"publisher\":{\"@id\":\"https:\\\/\\\/www.unimaquinas.com\\\/maquinas-colombia\\\/oferta-de-maquinas-en-colombia\\\/#organization\"},\"potentialAction\":[{\"@type\":\"SearchAction\",\"target\":{\"@type\":\"EntryPoint\",\"urlTemplate\":\"https:\\\/\\\/www.unimaquinas.com\\\/maquinas-colombia\\\/oferta-de-maquinas-en-colombia\\\/?s={search_term_string}\"},\"query-input\":{\"@type\":\"PropertyValueSpecification\",\"valueRequired\":true,\"valueName\":\"search_term_string\"}}],\"inLanguage\":\"es\"},{\"@type\":\"Organization\",\"@id\":\"https:\\\/\\\/www.unimaquinas.com\\\/maquinas-colombia\\\/oferta-de-maquinas-en-colombia\\\/#organization\",\"name\":\"Unimaquinas\",\"url\":\"https:\\\/\\\/www.unimaquinas.com\\\/maquinas-colombia\\\/oferta-de-maquinas-en-colombia\\\/\",\"logo\":{\"@type\":\"ImageObject\",\"inLanguage\":\"es\",\"@id\":\"https:\\\/\\\/www.unimaquinas.com\\\/maquinas-colombia\\\/oferta-de-maquinas-en-colombia\\\/#\\\/schema\\\/logo\\\/image\\\/\",\"url\":\"https:\\\/\\\/www.unimaquinas.com\\\/maquinas-colombia\\\/wp-content\\\/uploads\\\/2015\\\/08\\\/unimaquinas-logo.png\",\"contentUrl\":\"https:\\\/\\\/www.unimaquinas.com\\\/maquinas-colombia\\\/wp-content\\\/uploads\\\/2015\\\/08\\\/unimaquinas-logo.png\",\"width\":888,\"height\":251,\"caption\":\"Unimaquinas\"},\"image\":{\"@id\":\"https:\\\/\\\/www.unimaquinas.com\\\/maquinas-colombia\\\/oferta-de-maquinas-en-colombia\\\/#\\\/schema\\\/logo\\\/image\\\/\"}}]}<\/script>\n<!-- \/ Yoast SEO plugin. -->","yoast_head_json":{"title":"Quienes Somos - Unimaquinas","robots":{"index":"index","follow":"follow","max-snippet":"max-snippet:-1","max-image-preview":"max-image-preview:large","max-video-preview":"max-video-preview:-1"},"canonical":"https:\/\/www.unimaquinas.com\/maquinas-colombia\/oferta-de-maquinas-en-colombia\/quienes-somos\/","og_locale":"es_ES","og_type":"article","og_title":"Quienes Somos - Unimaquinas","og_description":"[wonderplugin_carousel id=\u00bb1&#8243;] Nuestra compa\u00f1\u00eda UNIMAQUINAS LTDA, es una empresa legalmente constituida, con todos los requisitos de ley, cuyo objetivo es la comercializaci\u00f3n compra &#8211; venta representaci\u00f3n de m\u00e1quinas y herramientas, aplicables a la metalmecanica y fundici\u00f3n. Dentro de nuestra propuestas ofrecemos: 1) Venta para importaci\u00f3n de maquinas convencionales y ultima tecnolog\u00eda. 2) Compra, venta y [&hellip;]","og_url":"https:\/\/www.unimaquinas.com\/maquinas-colombia\/oferta-de-maquinas-en-colombia\/quienes-somos\/","og_site_name":"Unimaquinas","article_modified_time":"2015-10-10T19:54:14+00:00","twitter_card":"summary_large_image","twitter_misc":{"Tiempo de lectura":"1 minuto"},"schema":{"@context":"https:\/\/schema.org","@graph":[{"@type":"WebPage","@id":"https:\/\/www.unimaquinas.com\/maquinas-colombia\/oferta-de-maquinas-en-colombia\/quienes-somos\/","url":"https:\/\/www.unimaquinas.com\/maquinas-colombia\/oferta-de-maquinas-en-colombia\/quienes-somos\/","name":"Quienes Somos - Unimaquinas","isPartOf":{"@id":"https:\/\/www.unimaquinas.com\/maquinas-colombia\/oferta-de-maquinas-en-colombia\/#website"},"datePublished":"2015-08-01T08:35:35+00:00","dateModified":"2015-10-10T19:54:14+00:00","breadcrumb":{"@id":"https:\/\/www.unimaquinas.com\/maquinas-colombia\/oferta-de-maquinas-en-colombia\/quienes-somos\/#breadcrumb"},"inLanguage":"es","potentialAction":[{"@type":"ReadAction","target":["https:\/\/www.unimaquinas.com\/maquinas-colombia\/oferta-de-maquinas-en-colombia\/quienes-somos\/"]}]},{"@type":"BreadcrumbList","@id":"https:\/\/www.unimaquinas.com\/maquinas-colombia\/oferta-de-maquinas-en-colombia\/quienes-somos\/#breadcrumb","itemListElement":[{"@type":"ListItem","position":1,"name":"Portada","item":"https:\/\/www.unimaquinas.com\/maquinas-colombia\/oferta-de-maquinas-en-colombia\/"},{"@type":"ListItem","position":2,"name":"Quienes Somos"}]},{"@type":"WebSite","@id":"https:\/\/www.unimaquinas.com\/maquinas-colombia\/oferta-de-maquinas-en-colombia\/#website","url":"https:\/\/www.unimaquinas.com\/maquinas-colombia\/oferta-de-maquinas-en-colombia\/","name":"Unimaquinas","description":"M\u00e1quinas nuevas y usadas, importaci\u00f3n de todo tipo de m\u00e1quinaria","publisher":{"@id":"https:\/\/www.unimaquinas.com\/maquinas-colombia\/oferta-de-maquinas-en-colombia\/#organization"},"potentialAction":[{"@type":"SearchAction","target":{"@type":"EntryPoint","urlTemplate":"https:\/\/www.unimaquinas.com\/maquinas-colombia\/oferta-de-maquinas-en-colombia\/?s={search_term_string}"},"query-input":{"@type":"PropertyValueSpecification","valueRequired":true,"valueName":"search_term_string"}}],"inLanguage":"es"},{"@type":"Organization","@id":"https:\/\/www.unimaquinas.com\/maquinas-colombia\/oferta-de-maquinas-en-colombia\/#organization","name":"Unimaquinas","url":"https:\/\/www.unimaquinas.com\/maquinas-colombia\/oferta-de-maquinas-en-colombia\/","logo":{"@type":"ImageObject","inLanguage":"es","@id":"https:\/\/www.unimaquinas.com\/maquinas-colombia\/oferta-de-maquinas-en-colombia\/#\/schema\/logo\/image\/","url":"https:\/\/www.unimaquinas.com\/maquinas-colombia\/wp-content\/uploads\/2015\/08\/unimaquinas-logo.png","contentUrl":"https:\/\/www.unimaquinas.com\/maquinas-colombia\/wp-content\/uploads\/2015\/08\/unimaquinas-logo.png","width":888,"height":251,"caption":"Unimaquinas"},"image":{"@id":"https:\/\/www.unimaquinas.com\/maquinas-colombia\/oferta-de-maquinas-en-colombia\/#\/schema\/logo\/image\/"}}]}},"_links":{"self":[{"href":"https:\/\/www.unimaquinas.com\/maquinas-colombia\/oferta-de-maquinas-en-colombia\/wp-json\/wp\/v2\/pages\/26","targetHints":{"allow":["GET"]}}],"collection":[{"href":"https:\/\/www.unimaquinas.com\/maquinas-colombia\/oferta-de-maquinas-en-colombia\/wp-json\/wp\/v2\/pages"}],"about":[{"href":"https:\/\/www.unimaquinas.com\/maquinas-colombia\/oferta-de-maquinas-en-colombia\/wp-json\/wp\/v2\/types\/page"}],"author":[{"embeddable":true,"href":"https:\/\/www.unimaquinas.com\/maquinas-colombia\/oferta-de-maquinas-en-colombia\/wp-json\/wp\/v2\/users\/1"}],"replies":[{"embeddable":true,"href":"https:\/\/www.unimaquinas.com\/maquinas-colombia\/oferta-de-maquinas-en-colombia\/wp-json\/wp\/v2\/comments?post=26"}],"version-history":[{"count":0,"href":"https:\/\/www.unimaquinas.com\/maquinas-colombia\/oferta-de-maquinas-en-colombia\/wp-json\/wp\/v2\/pages\/26\/revisions"}],"wp:attachment":[{"href":"https:\/\/www.unimaquinas.com\/maquinas-colombia\/oferta-de-maquinas-en-colombia\/wp-json\/wp\/v2\/media?parent=26"}],"curies":[{"name":"wp","href":"https:\/\/api.w.org\/{rel}","templated":true}]}}