{"id":2,"date":"2015-07-31T13:37:17","date_gmt":"2015-07-31T13:37:17","guid":{"rendered":"http:\/\/www.unimaquinas.com\/maquinas-colombia\/?page_id=2"},"modified":"2024-02-26T10:47:45","modified_gmt":"2024-02-26T10:47:45","slug":"oferta-de-maquinas-en-colombia-2","status":"publish","type":"page","link":"https:\/\/www.unimaquinas.com\/maquinas-colombia\/oferta-de-maquinas-en-colombia\/","title":{"rendered":"Inicio"},"content":{"rendered":"<p>Unim\u00e1quinas Ltda. Ofrece los\u00a0siguientes servicios:<\/p>\n<p style=\"padding-left: 80px;\">1) Importaci\u00f3n \u00a0de m\u00e1quinas nuevas de \u00faltima tecnolog\u00eda.<\/p>\n<p style=\"padding-left: 80px;\">2) Importaci\u00f3n \u00a0de m\u00e1quinas convencionales nuevas y\/\u00f3 usadas.<\/p>\n<p style=\"padding-left: 80px;\">3) Localizaci\u00f3n de m\u00e1quinas en plaza \u00f3 en el exterior.<\/p>\n<p style=\"padding-left: 80px;\">4) Compra venta y permuta de equipos nuevos y \/ \u00f3 usados.<\/p>\n<p style=\"padding-left: 80px;\">5) Reparaci\u00f3n integral de maquinaria: proceso de reparaci\u00f3n y mantenimiento de maquinaria, sistema integral que re\u00fane todo el proceso mec\u00e1nico, hidr\u00e1ulico, neum\u00e1tico, el\u00e9ctrico, electr\u00f3nico y pintura.<\/p>\n<p style=\"padding-left: 80px;\">6) Asesoramiento en aplicaci\u00f3n de maquinar\u00eda en procesos de producci\u00f3n.<\/p>\n","protected":false},"excerpt":{"rendered":"<p>Unim\u00e1quinas Ltda. Ofrece los\u00a0siguientes servicios: 1) Importaci\u00f3n \u00a0de m\u00e1quinas nuevas de \u00faltima tecnolog\u00eda. 2) Importaci\u00f3n \u00a0de m\u00e1quinas convencionales nuevas y\/\u00f3 usadas. 3) Localizaci\u00f3n de m\u00e1quinas en plaza \u00f3 en el exterior. 4) Compra venta y permuta de equipos nuevos y \/ \u00f3 usados. 5) Reparaci\u00f3n integral de maquinaria: proceso de reparaci\u00f3n y mantenimiento de maquinaria, [&hellip;]<\/p>\n","protected":false},"author":1,"featured_media":0,"parent":0,"menu_order":0,"comment_status":"open","ping_status":"open","template":"","meta":{"footnotes":""},"class_list":["post-2","page","type-page","status-publish","hentry"],"yoast_head":"<!-- This site is optimized with the Yoast SEO plugin v27.4 - https:\/\/yoast.com\/product\/yoast-seo-wordpress\/ -->\n<title>Inicio - Unimaquinas<\/title>\n<meta name=\"description\" content=\"Localizadores de maquinaria industrial. M\u00e1quinas nuevas y usadas. Importaci\u00f3n de m\u00e1quinas nuevas de \u00faltima tecnolog\u00eda.\" \/>\n<meta name=\"robots\" content=\"index, follow, max-snippet:-1, max-image-preview:large, max-video-preview:-1\" \/>\n<link rel=\"canonical\" href=\"https:\/\/www.unimaquinas.com\/maquinas-colombia\/oferta-de-maquinas-en-colombia\/\" \/>\n<meta property=\"og:locale\" content=\"es_ES\" \/>\n<meta property=\"og:type\" content=\"article\" \/>\n<meta property=\"og:title\" content=\"Inicio - Unimaquinas\" \/>\n<meta property=\"og:description\" content=\"Localizadores de maquinaria industrial. M\u00e1quinas nuevas y usadas. Importaci\u00f3n de m\u00e1quinas nuevas de \u00faltima tecnolog\u00eda.\" \/>\n<meta property=\"og:url\" content=\"https:\/\/www.unimaquinas.com\/maquinas-colombia\/oferta-de-maquinas-en-colombia\/\" \/>\n<meta property=\"og:site_name\" content=\"Unimaquinas\" \/>\n<meta property=\"article:modified_time\" content=\"2024-02-26T10:47:45+00:00\" \/>\n<meta name=\"twitter:card\" content=\"summary_large_image\" \/>\n<meta name=\"twitter:label1\" content=\"Tiempo de lectura\" \/>\n\t<meta name=\"twitter:data1\" content=\"1 minuto\" \/>\n<script type=\"application\/ld+json\" class=\"yoast-schema-graph\">{\"@context\":\"https:\\\/\\\/schema.org\",\"@graph\":[{\"@type\":\"WebPage\",\"@id\":\"https:\\\/\\\/www.unimaquinas.com\\\/maquinas-colombia\\\/oferta-de-maquinas-en-colombia\\\/\",\"url\":\"https:\\\/\\\/www.unimaquinas.com\\\/maquinas-colombia\\\/oferta-de-maquinas-en-colombia\\\/\",\"name\":\"Inicio - Unimaquinas\",\"isPartOf\":{\"@id\":\"https:\\\/\\\/www.unimaquinas.com\\\/maquinas-colombia\\\/oferta-de-maquinas-en-colombia\\\/#website\"},\"datePublished\":\"2015-07-31T13:37:17+00:00\",\"dateModified\":\"2024-02-26T10:47:45+00:00\",\"description\":\"Localizadores de maquinaria industrial. M\u00e1quinas nuevas y usadas. Importaci\u00f3n de m\u00e1quinas nuevas de \u00faltima tecnolog\u00eda.\",\"breadcrumb\":{\"@id\":\"https:\\\/\\\/www.unimaquinas.com\\\/maquinas-colombia\\\/oferta-de-maquinas-en-colombia\\\/#breadcrumb\"},\"inLanguage\":\"es\",\"potentialAction\":[{\"@type\":\"ReadAction\",\"target\":[\"https:\\\/\\\/www.unimaquinas.com\\\/maquinas-colombia\\\/oferta-de-maquinas-en-colombia\\\/\"]}]},{\"@type\":\"BreadcrumbList\",\"@id\":\"https:\\\/\\\/www.unimaquinas.com\\\/maquinas-colombia\\\/oferta-de-maquinas-en-colombia\\\/#breadcrumb\",\"itemListElement\":[{\"@type\":\"ListItem\",\"position\":1,\"name\":\"Portada\",\"item\":\"https:\\\/\\\/www.unimaquinas.com\\\/maquinas-colombia\\\/oferta-de-maquinas-en-colombia\\\/\"},{\"@type\":\"ListItem\",\"position\":2,\"name\":\"Inicio\"}]},{\"@type\":\"WebSite\",\"@id\":\"https:\\\/\\\/www.unimaquinas.com\\\/maquinas-colombia\\\/oferta-de-maquinas-en-colombia\\\/#website\",\"url\":\"https:\\\/\\\/www.unimaquinas.com\\\/maquinas-colombia\\\/oferta-de-maquinas-en-colombia\\\/\",\"name\":\"Unimaquinas\",\"description\":\"M\u00e1quinas nuevas y usadas, importaci\u00f3n de todo tipo de m\u00e1quinaria\",\"publisher\":{\"@id\":\"https:\\\/\\\/www.unimaquinas.com\\\/maquinas-colombia\\\/oferta-de-maquinas-en-colombia\\\/#organization\"},\"potentialAction\":[{\"@type\":\"SearchAction\",\"target\":{\"@type\":\"EntryPoint\",\"urlTemplate\":\"https:\\\/\\\/www.unimaquinas.com\\\/maquinas-colombia\\\/oferta-de-maquinas-en-colombia\\\/?s={search_term_string}\"},\"query-input\":{\"@type\":\"PropertyValueSpecification\",\"valueRequired\":true,\"valueName\":\"search_term_string\"}}],\"inLanguage\":\"es\"},{\"@type\":\"Organization\",\"@id\":\"https:\\\/\\\/www.unimaquinas.com\\\/maquinas-colombia\\\/oferta-de-maquinas-en-colombia\\\/#organization\",\"name\":\"Unimaquinas\",\"url\":\"https:\\\/\\\/www.unimaquinas.com\\\/maquinas-colombia\\\/oferta-de-maquinas-en-colombia\\\/\",\"logo\":{\"@type\":\"ImageObject\",\"inLanguage\":\"es\",\"@id\":\"https:\\\/\\\/www.unimaquinas.com\\\/maquinas-colombia\\\/oferta-de-maquinas-en-colombia\\\/#\\\/schema\\\/logo\\\/image\\\/\",\"url\":\"https:\\\/\\\/www.unimaquinas.com\\\/maquinas-colombia\\\/wp-content\\\/uploads\\\/2015\\\/08\\\/unimaquinas-logo.png\",\"contentUrl\":\"https:\\\/\\\/www.unimaquinas.com\\\/maquinas-colombia\\\/wp-content\\\/uploads\\\/2015\\\/08\\\/unimaquinas-logo.png\",\"width\":888,\"height\":251,\"caption\":\"Unimaquinas\"},\"image\":{\"@id\":\"https:\\\/\\\/www.unimaquinas.com\\\/maquinas-colombia\\\/oferta-de-maquinas-en-colombia\\\/#\\\/schema\\\/logo\\\/image\\\/\"}}]}<\/script>\n<!-- \/ Yoast SEO plugin. -->","yoast_head_json":{"title":"Inicio - Unimaquinas","description":"Localizadores de maquinaria industrial. M\u00e1quinas nuevas y usadas. Importaci\u00f3n de m\u00e1quinas nuevas de \u00faltima tecnolog\u00eda.","robots":{"index":"index","follow":"follow","max-snippet":"max-snippet:-1","max-image-preview":"max-image-preview:large","max-video-preview":"max-video-preview:-1"},"canonical":"https:\/\/www.unimaquinas.com\/maquinas-colombia\/oferta-de-maquinas-en-colombia\/","og_locale":"es_ES","og_type":"article","og_title":"Inicio - Unimaquinas","og_description":"Localizadores de maquinaria industrial. M\u00e1quinas nuevas y usadas. Importaci\u00f3n de m\u00e1quinas nuevas de \u00faltima tecnolog\u00eda.","og_url":"https:\/\/www.unimaquinas.com\/maquinas-colombia\/oferta-de-maquinas-en-colombia\/","og_site_name":"Unimaquinas","article_modified_time":"2024-02-26T10:47:45+00:00","twitter_card":"summary_large_image","twitter_misc":{"Tiempo de lectura":"1 minuto"},"schema":{"@context":"https:\/\/schema.org","@graph":[{"@type":"WebPage","@id":"https:\/\/www.unimaquinas.com\/maquinas-colombia\/oferta-de-maquinas-en-colombia\/","url":"https:\/\/www.unimaquinas.com\/maquinas-colombia\/oferta-de-maquinas-en-colombia\/","name":"Inicio - Unimaquinas","isPartOf":{"@id":"https:\/\/www.unimaquinas.com\/maquinas-colombia\/oferta-de-maquinas-en-colombia\/#website"},"datePublished":"2015-07-31T13:37:17+00:00","dateModified":"2024-02-26T10:47:45+00:00","description":"Localizadores de maquinaria industrial. M\u00e1quinas nuevas y usadas. Importaci\u00f3n de m\u00e1quinas nuevas de \u00faltima tecnolog\u00eda.","breadcrumb":{"@id":"https:\/\/www.unimaquinas.com\/maquinas-colombia\/oferta-de-maquinas-en-colombia\/#breadcrumb"},"inLanguage":"es","potentialAction":[{"@type":"ReadAction","target":["https:\/\/www.unimaquinas.com\/maquinas-colombia\/oferta-de-maquinas-en-colombia\/"]}]},{"@type":"BreadcrumbList","@id":"https:\/\/www.unimaquinas.com\/maquinas-colombia\/oferta-de-maquinas-en-colombia\/#breadcrumb","itemListElement":[{"@type":"ListItem","position":1,"name":"Portada","item":"https:\/\/www.unimaquinas.com\/maquinas-colombia\/oferta-de-maquinas-en-colombia\/"},{"@type":"ListItem","position":2,"name":"Inicio"}]},{"@type":"WebSite","@id":"https:\/\/www.unimaquinas.com\/maquinas-colombia\/oferta-de-maquinas-en-colombia\/#website","url":"https:\/\/www.unimaquinas.com\/maquinas-colombia\/oferta-de-maquinas-en-colombia\/","name":"Unimaquinas","description":"M\u00e1quinas nuevas y usadas, importaci\u00f3n de todo tipo de m\u00e1quinaria","publisher":{"@id":"https:\/\/www.unimaquinas.com\/maquinas-colombia\/oferta-de-maquinas-en-colombia\/#organization"},"potentialAction":[{"@type":"SearchAction","target":{"@type":"EntryPoint","urlTemplate":"https:\/\/www.unimaquinas.com\/maquinas-colombia\/oferta-de-maquinas-en-colombia\/?s={search_term_string}"},"query-input":{"@type":"PropertyValueSpecification","valueRequired":true,"valueName":"search_term_string"}}],"inLanguage":"es"},{"@type":"Organization","@id":"https:\/\/www.unimaquinas.com\/maquinas-colombia\/oferta-de-maquinas-en-colombia\/#organization","name":"Unimaquinas","url":"https:\/\/www.unimaquinas.com\/maquinas-colombia\/oferta-de-maquinas-en-colombia\/","logo":{"@type":"ImageObject","inLanguage":"es","@id":"https:\/\/www.unimaquinas.com\/maquinas-colombia\/oferta-de-maquinas-en-colombia\/#\/schema\/logo\/image\/","url":"https:\/\/www.unimaquinas.com\/maquinas-colombia\/wp-content\/uploads\/2015\/08\/unimaquinas-logo.png","contentUrl":"https:\/\/www.unimaquinas.com\/maquinas-colombia\/wp-content\/uploads\/2015\/08\/unimaquinas-logo.png","width":888,"height":251,"caption":"Unimaquinas"},"image":{"@id":"https:\/\/www.unimaquinas.com\/maquinas-colombia\/oferta-de-maquinas-en-colombia\/#\/schema\/logo\/image\/"}}]}},"_links":{"self":[{"href":"https:\/\/www.unimaquinas.com\/maquinas-colombia\/oferta-de-maquinas-en-colombia\/wp-json\/wp\/v2\/pages\/2","targetHints":{"allow":["GET"]}}],"collection":[{"href":"https:\/\/www.unimaquinas.com\/maquinas-colombia\/oferta-de-maquinas-en-colombia\/wp-json\/wp\/v2\/pages"}],"about":[{"href":"https:\/\/www.unimaquinas.com\/maquinas-colombia\/oferta-de-maquinas-en-colombia\/wp-json\/wp\/v2\/types\/page"}],"author":[{"embeddable":true,"href":"https:\/\/www.unimaquinas.com\/maquinas-colombia\/oferta-de-maquinas-en-colombia\/wp-json\/wp\/v2\/users\/1"}],"replies":[{"embeddable":true,"href":"https:\/\/www.unimaquinas.com\/maquinas-colombia\/oferta-de-maquinas-en-colombia\/wp-json\/wp\/v2\/comments?post=2"}],"version-history":[{"count":1,"href":"https:\/\/www.unimaquinas.com\/maquinas-colombia\/oferta-de-maquinas-en-colombia\/wp-json\/wp\/v2\/pages\/2\/revisions"}],"predecessor-version":[{"id":2310,"href":"https:\/\/www.unimaquinas.com\/maquinas-colombia\/oferta-de-maquinas-en-colombia\/wp-json\/wp\/v2\/pages\/2\/revisions\/2310"}],"wp:attachment":[{"href":"https:\/\/www.unimaquinas.com\/maquinas-colombia\/oferta-de-maquinas-en-colombia\/wp-json\/wp\/v2\/media?parent=2"}],"curies":[{"name":"wp","href":"https:\/\/api.w.org\/{rel}","templated":true}]}}